{"id":28,"date":"2019-11-23T21:25:41","date_gmt":"2019-11-23T21:25:41","guid":{"rendered":"http:\/\/bp14.dkonto.pl\/?page_id=28"},"modified":"2022-06-10T17:13:35","modified_gmt":"2022-06-10T16:13:35","slug":"kontakt","status":"publish","type":"page","link":"http:\/\/bp14.dkonto.pl\/tgyj\/kontakt\/","title":{"rendered":"Kontakt"},"content":{"rendered":"\n<p><strong>Klub \u015al\u0105ska Cieszy\u0144skiego<\/strong><br><strong>Ma\u0142a \u0141\u0105ka 3<\/strong><br><strong>43-400 CIESZYN<\/strong> <\/p>\n\n\n\n<p> email : <a href=\"mailto:sp9sci@wp.pl\">sp9sci@wp.pl<\/a> <\/p>\n\n\n\n<p><\/p>\n\n\n\n<p>Spotkania klubowe odbywaj\u0105 si\u0119 w dw\u00f3ch lokalizacjach w zale\u017cno\u015bci od wcze\u015bniejszych ustale\u0144. Szczeg\u00f3\u0142y zawsze w kalendarzu. <\/p>\n\n\n\n<p>W sprawach zwi\u0105zanych ze stron\u0105 internetow\u0105 prosz\u0119 o kontakt <a href=\"mailto:sq9lpo@onet.pl\" target=\"_blank\" rel=\"noreferrer noopener\">sq9lpo@onet.pl<\/a><\/p>\n\n\n\n<p><\/p>\n\n\n\n<p><\/p>\n\n\n\n<p><\/p>\n","protected":false},"excerpt":{"rendered":"<p>Klub \u015al\u0105ska Cieszy\u0144skiegoMa\u0142a \u0141\u0105ka 343-400 CIESZYN email : sp9sci@wp.pl Spotkania klubowe odbywaj\u0105 si\u0119 w dw\u00f3ch lokalizacjach w zale\u017cno\u015bci od wcze\u015bniejszych ustale\u0144. Szczeg\u00f3\u0142y zawsze w kalendarzu. W&hellip;<\/p>\n","protected":false},"author":1,"featured_media":0,"parent":0,"menu_order":0,"comment_status":"closed","ping_status":"closed","template":"","meta":{"ngg_post_thumbnail":0},"yoast_head":"<!-- This site is optimized with the Yoast SEO plugin v19.1 - https:\/\/yoast.com\/wordpress\/plugins\/seo\/ -->\n<title>Kontakt - 1<\/title>\n<meta name=\"description\" content=\"Klub kr\u00f3tkofalarski kr\u00f3tkofalowc\u00f3w \u015al\u0105ska Cieszy\u0144skiego SP9SCI kontakt, email, SR9SC, SR9C, HF29STB, HF100SCI, SP0SCR, Cieszyn,\" \/>\n<meta name=\"robots\" content=\"index, follow, max-snippet:-1, max-image-preview:large, max-video-preview:-1\" \/>\n<link rel=\"canonical\" href=\"http:\/\/bp14.dkonto.pl\/tgyj\/kontakt\/\" \/>\n<meta property=\"og:locale\" content=\"pl_PL\" \/>\n<meta property=\"og:type\" content=\"article\" \/>\n<meta property=\"og:title\" content=\"Kontakt - 1\" \/>\n<meta property=\"og:description\" content=\"Klub kr\u00f3tkofalarski kr\u00f3tkofalowc\u00f3w \u015al\u0105ska Cieszy\u0144skiego SP9SCI kontakt, email, SR9SC, SR9C, HF29STB, HF100SCI, SP0SCR, Cieszyn,\" \/>\n<meta property=\"og:url\" content=\"http:\/\/bp14.dkonto.pl\/tgyj\/kontakt\/\" \/>\n<meta property=\"og:site_name\" content=\"1\" \/>\n<meta property=\"article:modified_time\" content=\"2022-06-10T16:13:35+00:00\" \/>\n<meta name=\"twitter:card\" content=\"summary_large_image\" \/>\n<meta name=\"twitter:label1\" content=\"Szacowany czas czytania\" \/>\n\t<meta name=\"twitter:data1\" content=\"1 minuta\" \/>\n<script type=\"application\/ld+json\" class=\"yoast-schema-graph\">{\"@context\":\"https:\/\/schema.org\",\"@graph\":[{\"@type\":\"Organization\",\"@id\":\"http:\/\/bp14.dkonto.pl\/tgyj\/#organization\",\"name\":\"SP9SCI Klub Kr\u00f3tkofalowc\u00f3w \u015al\u0105ska Cieszy\u0144skiego\",\"url\":\"http:\/\/bp14.dkonto.pl\/tgyj\/\",\"sameAs\":[],\"logo\":{\"@type\":\"ImageObject\",\"inLanguage\":\"pl-PL\",\"@id\":\"http:\/\/bp14.dkonto.pl\/tgyj\/#\/schema\/logo\/image\/\",\"url\":\"http:\/\/bp14.dkonto.pl\/wp-content\/uploads\/2019\/11\/logo-sp9sci-i-pulk.jpg\",\"contentUrl\":\"http:\/\/bp14.dkonto.pl\/wp-content\/uploads\/2019\/11\/logo-sp9sci-i-pulk.jpg\",\"width\":912,\"height\":370,\"caption\":\"SP9SCI Klub Kr\u00f3tkofalowc\u00f3w \u015al\u0105ska Cieszy\u0144skiego\"},\"image\":{\"@id\":\"http:\/\/bp14.dkonto.pl\/tgyj\/#\/schema\/logo\/image\/\"}},{\"@type\":\"WebSite\",\"@id\":\"http:\/\/bp14.dkonto.pl\/tgyj\/#website\",\"url\":\"http:\/\/bp14.dkonto.pl\/tgyj\/\",\"name\":\"1\",\"description\":\"1\",\"publisher\":{\"@id\":\"http:\/\/bp14.dkonto.pl\/tgyj\/#organization\"},\"potentialAction\":[{\"@type\":\"SearchAction\",\"target\":{\"@type\":\"EntryPoint\",\"urlTemplate\":\"http:\/\/bp14.dkonto.pl\/tgyj\/?s={search_term_string}\"},\"query-input\":\"required name=search_term_string\"}],\"inLanguage\":\"pl-PL\"},{\"@type\":\"WebPage\",\"@id\":\"http:\/\/bp14.dkonto.pl\/tgyj\/kontakt\/#webpage\",\"url\":\"http:\/\/bp14.dkonto.pl\/tgyj\/kontakt\/\",\"name\":\"Kontakt - 1\",\"isPartOf\":{\"@id\":\"http:\/\/bp14.dkonto.pl\/tgyj\/#website\"},\"datePublished\":\"2019-11-23T21:25:41+00:00\",\"dateModified\":\"2022-06-10T16:13:35+00:00\",\"description\":\"Klub kr\u00f3tkofalarski kr\u00f3tkofalowc\u00f3w \u015al\u0105ska Cieszy\u0144skiego SP9SCI kontakt, email, SR9SC, SR9C, HF29STB, HF100SCI, SP0SCR, Cieszyn,\",\"breadcrumb\":{\"@id\":\"http:\/\/bp14.dkonto.pl\/tgyj\/kontakt\/#breadcrumb\"},\"inLanguage\":\"pl-PL\",\"potentialAction\":[{\"@type\":\"ReadAction\",\"target\":[\"http:\/\/bp14.dkonto.pl\/tgyj\/kontakt\/\"]}]},{\"@type\":\"BreadcrumbList\",\"@id\":\"http:\/\/bp14.dkonto.pl\/tgyj\/kontakt\/#breadcrumb\",\"itemListElement\":[{\"@type\":\"ListItem\",\"position\":1,\"name\":\"Strona g\u0142\u00f3wna\",\"item\":\"http:\/\/bp14.dkonto.pl\/tgyj\/\"},{\"@type\":\"ListItem\",\"position\":2,\"name\":\"Kontakt\"}]}]}<\/script>\n<!-- \/ Yoast SEO plugin. -->","yoast_head_json":{"title":"Kontakt - 1","description":"Klub kr\u00f3tkofalarski kr\u00f3tkofalowc\u00f3w \u015al\u0105ska Cieszy\u0144skiego SP9SCI kontakt, email, SR9SC, SR9C, HF29STB, HF100SCI, SP0SCR, Cieszyn,","robots":{"index":"index","follow":"follow","max-snippet":"max-snippet:-1","max-image-preview":"max-image-preview:large","max-video-preview":"max-video-preview:-1"},"canonical":"http:\/\/bp14.dkonto.pl\/tgyj\/kontakt\/","og_locale":"pl_PL","og_type":"article","og_title":"Kontakt - 1","og_description":"Klub kr\u00f3tkofalarski kr\u00f3tkofalowc\u00f3w \u015al\u0105ska Cieszy\u0144skiego SP9SCI kontakt, email, SR9SC, SR9C, HF29STB, HF100SCI, SP0SCR, Cieszyn,","og_url":"http:\/\/bp14.dkonto.pl\/tgyj\/kontakt\/","og_site_name":"1","article_modified_time":"2022-06-10T16:13:35+00:00","twitter_card":"summary_large_image","twitter_misc":{"Szacowany czas czytania":"1 minuta"},"schema":{"@context":"https:\/\/schema.org","@graph":[{"@type":"Organization","@id":"http:\/\/bp14.dkonto.pl\/tgyj\/#organization","name":"SP9SCI Klub Kr\u00f3tkofalowc\u00f3w \u015al\u0105ska Cieszy\u0144skiego","url":"http:\/\/bp14.dkonto.pl\/tgyj\/","sameAs":[],"logo":{"@type":"ImageObject","inLanguage":"pl-PL","@id":"http:\/\/bp14.dkonto.pl\/tgyj\/#\/schema\/logo\/image\/","url":"http:\/\/bp14.dkonto.pl\/wp-content\/uploads\/2019\/11\/logo-sp9sci-i-pulk.jpg","contentUrl":"http:\/\/bp14.dkonto.pl\/wp-content\/uploads\/2019\/11\/logo-sp9sci-i-pulk.jpg","width":912,"height":370,"caption":"SP9SCI Klub Kr\u00f3tkofalowc\u00f3w \u015al\u0105ska Cieszy\u0144skiego"},"image":{"@id":"http:\/\/bp14.dkonto.pl\/tgyj\/#\/schema\/logo\/image\/"}},{"@type":"WebSite","@id":"http:\/\/bp14.dkonto.pl\/tgyj\/#website","url":"http:\/\/bp14.dkonto.pl\/tgyj\/","name":"1","description":"1","publisher":{"@id":"http:\/\/bp14.dkonto.pl\/tgyj\/#organization"},"potentialAction":[{"@type":"SearchAction","target":{"@type":"EntryPoint","urlTemplate":"http:\/\/bp14.dkonto.pl\/tgyj\/?s={search_term_string}"},"query-input":"required name=search_term_string"}],"inLanguage":"pl-PL"},{"@type":"WebPage","@id":"http:\/\/bp14.dkonto.pl\/tgyj\/kontakt\/#webpage","url":"http:\/\/bp14.dkonto.pl\/tgyj\/kontakt\/","name":"Kontakt - 1","isPartOf":{"@id":"http:\/\/bp14.dkonto.pl\/tgyj\/#website"},"datePublished":"2019-11-23T21:25:41+00:00","dateModified":"2022-06-10T16:13:35+00:00","description":"Klub kr\u00f3tkofalarski kr\u00f3tkofalowc\u00f3w \u015al\u0105ska Cieszy\u0144skiego SP9SCI kontakt, email, SR9SC, SR9C, HF29STB, HF100SCI, SP0SCR, Cieszyn,","breadcrumb":{"@id":"http:\/\/bp14.dkonto.pl\/tgyj\/kontakt\/#breadcrumb"},"inLanguage":"pl-PL","potentialAction":[{"@type":"ReadAction","target":["http:\/\/bp14.dkonto.pl\/tgyj\/kontakt\/"]}]},{"@type":"BreadcrumbList","@id":"http:\/\/bp14.dkonto.pl\/tgyj\/kontakt\/#breadcrumb","itemListElement":[{"@type":"ListItem","position":1,"name":"Strona g\u0142\u00f3wna","item":"http:\/\/bp14.dkonto.pl\/tgyj\/"},{"@type":"ListItem","position":2,"name":"Kontakt"}]}]}},"_links":{"self":[{"href":"http:\/\/bp14.dkonto.pl\/tgyj\/wp-json\/wp\/v2\/pages\/28"}],"collection":[{"href":"http:\/\/bp14.dkonto.pl\/tgyj\/wp-json\/wp\/v2\/pages"}],"about":[{"href":"http:\/\/bp14.dkonto.pl\/tgyj\/wp-json\/wp\/v2\/types\/page"}],"author":[{"embeddable":true,"href":"http:\/\/bp14.dkonto.pl\/tgyj\/wp-json\/wp\/v2\/users\/1"}],"replies":[{"embeddable":true,"href":"http:\/\/bp14.dkonto.pl\/tgyj\/wp-json\/wp\/v2\/comments?post=28"}],"version-history":[{"count":16,"href":"http:\/\/bp14.dkonto.pl\/tgyj\/wp-json\/wp\/v2\/pages\/28\/revisions"}],"predecessor-version":[{"id":3022,"href":"http:\/\/bp14.dkonto.pl\/tgyj\/wp-json\/wp\/v2\/pages\/28\/revisions\/3022"}],"wp:attachment":[{"href":"http:\/\/bp14.dkonto.pl\/tgyj\/wp-json\/wp\/v2\/media?parent=28"}],"curies":[{"name":"wp","href":"https:\/\/api.w.org\/{rel}","templated":true}]}}