{"id":118,"date":"2019-11-24T09:27:32","date_gmt":"2019-11-24T09:27:32","guid":{"rendered":"http:\/\/bp14.dkonto.pl\/community\/"},"modified":"2020-09-19T12:00:29","modified_gmt":"2020-09-19T11:00:29","slug":"forum","status":"publish","type":"page","link":"http:\/\/bp14.dkonto.pl\/tgyj\/forum\/","title":{"rendered":"Forum kr\u00f3tkofalarskie"},"content":{"rendered":"\n","protected":false},"excerpt":{"rendered":"","protected":false},"author":1,"featured_media":0,"parent":0,"menu_order":0,"comment_status":"close","ping_status":"close","template":"templates\/template-fluid.php","meta":{"ngg_post_thumbnail":0},"yoast_head":"<!-- This site is optimized with the Yoast SEO plugin v19.1 - https:\/\/yoast.com\/wordpress\/plugins\/seo\/ -->\n<title>Forum kr\u00f3tkofalarskie - 1<\/title>\n<meta name=\"description\" content=\"Forum kr\u00f3tkofalarskie, forum kr\u00f3tkofalowc\u00f3w, SP9SCI dyskusje, informacje, budowa anten KF UHF VHF, spotkania, testy, poradniki, radiostacje,\" \/>\n<meta name=\"robots\" content=\"index, follow, max-snippet:-1, max-image-preview:large, max-video-preview:-1\" \/>\n<link rel=\"canonical\" href=\"http:\/\/bp14.dkonto.pl\/tgyj\/forum\/\" \/>\n<meta property=\"og:locale\" content=\"pl_PL\" \/>\n<meta property=\"og:type\" content=\"article\" \/>\n<meta property=\"og:title\" content=\"Forum kr\u00f3tkofalarskie - 1\" \/>\n<meta property=\"og:description\" content=\"Forum kr\u00f3tkofalarskie, forum kr\u00f3tkofalowc\u00f3w, SP9SCI dyskusje, informacje, budowa anten KF UHF VHF, spotkania, testy, poradniki, radiostacje,\" \/>\n<meta property=\"og:url\" content=\"http:\/\/bp14.dkonto.pl\/tgyj\/forum\/\" \/>\n<meta property=\"og:site_name\" content=\"1\" \/>\n<meta property=\"article:modified_time\" content=\"2020-09-19T11:00:29+00:00\" \/>\n<meta name=\"twitter:card\" content=\"summary_large_image\" \/>\n<script type=\"application\/ld+json\" class=\"yoast-schema-graph\">{\"@context\":\"https:\/\/schema.org\",\"@graph\":[{\"@type\":\"Organization\",\"@id\":\"http:\/\/bp14.dkonto.pl\/tgyj\/#organization\",\"name\":\"SP9SCI Klub Kr\u00f3tkofalowc\u00f3w \u015al\u0105ska Cieszy\u0144skiego\",\"url\":\"http:\/\/bp14.dkonto.pl\/tgyj\/\",\"sameAs\":[],\"logo\":{\"@type\":\"ImageObject\",\"inLanguage\":\"pl-PL\",\"@id\":\"http:\/\/bp14.dkonto.pl\/tgyj\/#\/schema\/logo\/image\/\",\"url\":\"http:\/\/bp14.dkonto.pl\/wp-content\/uploads\/2019\/11\/logo-sp9sci-i-pulk.jpg\",\"contentUrl\":\"http:\/\/bp14.dkonto.pl\/wp-content\/uploads\/2019\/11\/logo-sp9sci-i-pulk.jpg\",\"width\":912,\"height\":370,\"caption\":\"SP9SCI Klub Kr\u00f3tkofalowc\u00f3w \u015al\u0105ska Cieszy\u0144skiego\"},\"image\":{\"@id\":\"http:\/\/bp14.dkonto.pl\/tgyj\/#\/schema\/logo\/image\/\"}},{\"@type\":\"WebSite\",\"@id\":\"http:\/\/bp14.dkonto.pl\/tgyj\/#website\",\"url\":\"http:\/\/bp14.dkonto.pl\/tgyj\/\",\"name\":\"1\",\"description\":\"1\",\"publisher\":{\"@id\":\"http:\/\/bp14.dkonto.pl\/tgyj\/#organization\"},\"potentialAction\":[{\"@type\":\"SearchAction\",\"target\":{\"@type\":\"EntryPoint\",\"urlTemplate\":\"http:\/\/bp14.dkonto.pl\/tgyj\/?s={search_term_string}\"},\"query-input\":\"required name=search_term_string\"}],\"inLanguage\":\"pl-PL\"},{\"@type\":\"WebPage\",\"@id\":\"http:\/\/bp14.dkonto.pl\/tgyj\/forum\/#webpage\",\"url\":\"http:\/\/bp14.dkonto.pl\/tgyj\/forum\/\",\"name\":\"Forum kr\u00f3tkofalarskie - 1\",\"isPartOf\":{\"@id\":\"http:\/\/bp14.dkonto.pl\/tgyj\/#website\"},\"datePublished\":\"2019-11-24T09:27:32+00:00\",\"dateModified\":\"2020-09-19T11:00:29+00:00\",\"description\":\"Forum kr\u00f3tkofalarskie, forum kr\u00f3tkofalowc\u00f3w, SP9SCI dyskusje, informacje, budowa anten KF UHF VHF, spotkania, testy, poradniki, radiostacje,\",\"breadcrumb\":{\"@id\":\"http:\/\/bp14.dkonto.pl\/tgyj\/forum\/#breadcrumb\"},\"inLanguage\":\"pl-PL\",\"potentialAction\":[{\"@type\":\"ReadAction\",\"target\":[\"http:\/\/bp14.dkonto.pl\/tgyj\/forum\/\"]}]},{\"@type\":\"BreadcrumbList\",\"@id\":\"http:\/\/bp14.dkonto.pl\/tgyj\/forum\/#breadcrumb\",\"itemListElement\":[{\"@type\":\"ListItem\",\"position\":1,\"name\":\"Strona g\u0142\u00f3wna\",\"item\":\"http:\/\/bp14.dkonto.pl\/tgyj\/\"},{\"@type\":\"ListItem\",\"position\":2,\"name\":\"Forum kr\u00f3tkofalarskie\"}]}]}<\/script>\n<!-- \/ Yoast SEO plugin. -->","yoast_head_json":{"title":"Forum kr\u00f3tkofalarskie - 1","description":"Forum kr\u00f3tkofalarskie, forum kr\u00f3tkofalowc\u00f3w, SP9SCI dyskusje, informacje, budowa anten KF UHF VHF, spotkania, testy, poradniki, radiostacje,","robots":{"index":"index","follow":"follow","max-snippet":"max-snippet:-1","max-image-preview":"max-image-preview:large","max-video-preview":"max-video-preview:-1"},"canonical":"http:\/\/bp14.dkonto.pl\/tgyj\/forum\/","og_locale":"pl_PL","og_type":"article","og_title":"Forum kr\u00f3tkofalarskie - 1","og_description":"Forum kr\u00f3tkofalarskie, forum kr\u00f3tkofalowc\u00f3w, SP9SCI dyskusje, informacje, budowa anten KF UHF VHF, spotkania, testy, poradniki, radiostacje,","og_url":"http:\/\/bp14.dkonto.pl\/tgyj\/forum\/","og_site_name":"1","article_modified_time":"2020-09-19T11:00:29+00:00","twitter_card":"summary_large_image","schema":{"@context":"https:\/\/schema.org","@graph":[{"@type":"Organization","@id":"http:\/\/bp14.dkonto.pl\/tgyj\/#organization","name":"SP9SCI Klub Kr\u00f3tkofalowc\u00f3w \u015al\u0105ska Cieszy\u0144skiego","url":"http:\/\/bp14.dkonto.pl\/tgyj\/","sameAs":[],"logo":{"@type":"ImageObject","inLanguage":"pl-PL","@id":"http:\/\/bp14.dkonto.pl\/tgyj\/#\/schema\/logo\/image\/","url":"http:\/\/bp14.dkonto.pl\/wp-content\/uploads\/2019\/11\/logo-sp9sci-i-pulk.jpg","contentUrl":"http:\/\/bp14.dkonto.pl\/wp-content\/uploads\/2019\/11\/logo-sp9sci-i-pulk.jpg","width":912,"height":370,"caption":"SP9SCI Klub Kr\u00f3tkofalowc\u00f3w \u015al\u0105ska Cieszy\u0144skiego"},"image":{"@id":"http:\/\/bp14.dkonto.pl\/tgyj\/#\/schema\/logo\/image\/"}},{"@type":"WebSite","@id":"http:\/\/bp14.dkonto.pl\/tgyj\/#website","url":"http:\/\/bp14.dkonto.pl\/tgyj\/","name":"1","description":"1","publisher":{"@id":"http:\/\/bp14.dkonto.pl\/tgyj\/#organization"},"potentialAction":[{"@type":"SearchAction","target":{"@type":"EntryPoint","urlTemplate":"http:\/\/bp14.dkonto.pl\/tgyj\/?s={search_term_string}"},"query-input":"required name=search_term_string"}],"inLanguage":"pl-PL"},{"@type":"WebPage","@id":"http:\/\/bp14.dkonto.pl\/tgyj\/forum\/#webpage","url":"http:\/\/bp14.dkonto.pl\/tgyj\/forum\/","name":"Forum kr\u00f3tkofalarskie - 1","isPartOf":{"@id":"http:\/\/bp14.dkonto.pl\/tgyj\/#website"},"datePublished":"2019-11-24T09:27:32+00:00","dateModified":"2020-09-19T11:00:29+00:00","description":"Forum kr\u00f3tkofalarskie, forum kr\u00f3tkofalowc\u00f3w, SP9SCI dyskusje, informacje, budowa anten KF UHF VHF, spotkania, testy, poradniki, radiostacje,","breadcrumb":{"@id":"http:\/\/bp14.dkonto.pl\/tgyj\/forum\/#breadcrumb"},"inLanguage":"pl-PL","potentialAction":[{"@type":"ReadAction","target":["http:\/\/bp14.dkonto.pl\/tgyj\/forum\/"]}]},{"@type":"BreadcrumbList","@id":"http:\/\/bp14.dkonto.pl\/tgyj\/forum\/#breadcrumb","itemListElement":[{"@type":"ListItem","position":1,"name":"Strona g\u0142\u00f3wna","item":"http:\/\/bp14.dkonto.pl\/tgyj\/"},{"@type":"ListItem","position":2,"name":"Forum kr\u00f3tkofalarskie"}]}]}},"_links":{"self":[{"href":"http:\/\/bp14.dkonto.pl\/tgyj\/wp-json\/wp\/v2\/pages\/118"}],"collection":[{"href":"http:\/\/bp14.dkonto.pl\/tgyj\/wp-json\/wp\/v2\/pages"}],"about":[{"href":"http:\/\/bp14.dkonto.pl\/tgyj\/wp-json\/wp\/v2\/types\/page"}],"author":[{"embeddable":true,"href":"http:\/\/bp14.dkonto.pl\/tgyj\/wp-json\/wp\/v2\/users\/1"}],"replies":[{"embeddable":true,"href":"http:\/\/bp14.dkonto.pl\/tgyj\/wp-json\/wp\/v2\/comments?post=118"}],"version-history":[{"count":4,"href":"http:\/\/bp14.dkonto.pl\/tgyj\/wp-json\/wp\/v2\/pages\/118\/revisions"}],"predecessor-version":[{"id":556,"href":"http:\/\/bp14.dkonto.pl\/tgyj\/wp-json\/wp\/v2\/pages\/118\/revisions\/556"}],"wp:attachment":[{"href":"http:\/\/bp14.dkonto.pl\/tgyj\/wp-json\/wp\/v2\/media?parent=118"}],"curies":[{"name":"wp","href":"https:\/\/api.w.org\/{rel}","templated":true}]}}