{"id":1138,"date":"2020-09-18T20:05:04","date_gmt":"2020-09-18T19:05:04","guid":{"rendered":"http:\/\/bp14.dkonto.pl\/?page_id=1138"},"modified":"2020-10-17T13:11:44","modified_gmt":"2020-10-17T12:11:44","slug":"regulamin-xxvii-sanbeskido-2020","status":"publish","type":"page","link":"http:\/\/bp14.dkonto.pl\/tgyj\/regulamin-xxvii-sanbeskido-2020\/","title":{"rendered":"Regulamin XXVII SANBESKIDO 2020"},"content":{"rendered":"\n<p class=\"has-text-align-center\"><strong>Akcja dyplomowa &nbsp;&nbsp;&#8220;XXVII&nbsp; SANBESKIDO &nbsp;2020&#8221;<\/strong><\/p>\n\n\n\n<ol type=\"1\"><li>Cel: spotkanie kr\u00f3tkofalowc\u00f3w nie w Tyrze, a z powodu pandemii w eterze. \u00a0<\/li><li>Organizatorzy: Janek OK2BIQ i Janek SQ9DXT, przy wsparciu kr\u00f3tkofalowc\u00f3w Ksi\u0119stwa Cieszy\u0144skiego.<\/li><li>Termin: 09.10.2020 (pi\u0105tek) od godziny 07:00 do 11.10.2020 (niedziela) do godziny 22:00 czasu lokalnego.<\/li><li>Pasmo: 80 i 40 m emisja SSB i CW oraz 2 m emisja FM.<\/li><li>Wywo\u0142anie: &#8220;<strong>Dyplom SANBESKIDO<\/strong>\u201d \u00a0<\/li><li>Uczestnicy akcji nawi\u0105zuj\u0105 \u0142\u0105czno\u015bci ze stacjami operator\u00f3w <strong>SANBESKIDO<\/strong>. \u0141\u0105czno\u015b\u0107 z tym samym operatorem, mo\u017ce by\u0107 powt\u00f3rzone w dniu nast\u0119pnym lub w tym samym, ale na innym pa\u015bmie lub inn\u0105 emisj\u0105.<\/li><li>Ka\u017cdy operator przydziela 1 punkt za QSO.<\/li><li>Wykaz operator\u00f3w: <strong>OK2BIQ, SQ9DXT, SP9CKS, SP9CTW, SP9WZO, SQ9LPO, OK2BHZ, OK2BVE, OK2BTC, OK2BTE, OK2CRD, OK2LI, OK2PMF, OK2SAI, OK2UR, OK2VXV. <\/strong><\/li><li>Ka\u017cdy uczestnik z <strong>SP<\/strong> i <strong>OK<\/strong>, kt\u00f3ry zgromadzi minimum 5 punkt\u00f3w, a reszta \u015bwiata 3 punkty, otrzyma dyplom elektroniczny. Rozliczenie punkt\u00f3w wg log\u00f3w organizatora. \u00a0Akcja dyplomowa jest bez kart QSL. <\/li><li>Organizatorzy zapraszaj\u0105 na eterowe spotkanie w sobot\u0119 10.10.2020 od godziny 10:00 do 16:00 czasu lokalnego w pa\u015bmie 80 i 40 m z emisj\u0105 SSB i CW. Gospodarzem spotkania b\u0119dzie Janek OK2BIQ. Ka\u017cdy kto we\u017amie udzia\u0142 w spotkaniu i wy\u015ble na adres <a href=\"mailto:sq9dxt@wp.pl\">sq9dxt@wp.pl<\/a>\u00a0 zg\u0142oszenie, to otrzyma identyfikator. Wszystkie \u0142\u0105czno\u015bci b\u0119d\u0105 zaliczane do dyplomu \u201e<strong>XXVII SANBESKIDO 2020<\/strong><em>\u201d.\u00a0 <\/em><\/li><li>Regulamin dost\u0119pny jest <a rel=\"noreferrer noopener\" href=\"http:\/\/bp14.dkonto.pl\/regulamin-xxvii-sanbeskido-2020\/\" target=\"_blank\"><em><strong>tutaj<\/strong><\/em><\/a> , a dyplomy b\u0119dzie mo\u017cna pobra\u0107<strong><em> <a rel=\"noreferrer noopener\" href=\"http:\/\/bp14.dkonto.pl\/dyplomy-sanbeskido-2020\/\" target=\"_blank\">st\u0105d<\/a><\/em><\/strong><\/li><li>Nas\u0142uchowcy mog\u0105 otrzyma\u0107 dyplom po wys\u0142aniu logu na adres: <a href=\"mailto:sp9sci@wp.pl\"><strong>sp9sci@wp.pl<\/strong><\/a><\/li><li>Ewentualne reklamacje, wraz z wyci\u0105giem ze swojego logu, wys\u0142a\u0107 na adres: <a href=\"mailto:sp9wzo@wp.pl\" target=\"_blank\" rel=\"noreferrer noopener\"><strong>sp9wzo@wp.pl<\/strong><\/a><\/li><\/ol>\n\n\n\n<p class=\"has-text-align-center\">&nbsp;&nbsp;&nbsp;&nbsp;&nbsp;&nbsp;&nbsp;&nbsp;&nbsp; Opracowano w Tyrze i Cieszynie, dnia 21.09.2020<\/p>\n\n\n\n<p class=\"has-text-align-right\">&nbsp;Janek OK2BIQ i Janek SQ9DXT&nbsp;&nbsp;&nbsp;<\/p>\n\n\n\n<p><\/p>\n\n\n\n<p><\/p>\n","protected":false},"excerpt":{"rendered":"<p>Akcja dyplomowa &nbsp;&nbsp;&#8220;XXVII&nbsp; SANBESKIDO &nbsp;2020&#8221; Cel: spotkanie kr\u00f3tkofalowc\u00f3w nie w Tyrze, a z powodu pandemii w eterze. \u00a0 Organizatorzy: Janek OK2BIQ i Janek SQ9DXT, przy wsparciu&hellip;<\/p>\n","protected":false},"author":1,"featured_media":0,"parent":0,"menu_order":0,"comment_status":"closed","ping_status":"closed","template":"","meta":{"ngg_post_thumbnail":0},"yoast_head":"<!-- This site is optimized with the Yoast SEO plugin v19.1 - https:\/\/yoast.com\/wordpress\/plugins\/seo\/ -->\n<title>Regulamin XXVII SANBESKIDO 2020 - 1<\/title>\n<meta name=\"description\" content=\"Regulamin XXVII SANBESKIDO 2020 Regulamin akcji dyplomowej San Beskido 2020\" \/>\n<meta name=\"robots\" content=\"index, follow, max-snippet:-1, max-image-preview:large, max-video-preview:-1\" \/>\n<link rel=\"canonical\" href=\"https:\/\/bp14.dkonto.pl\/tgyj\/regulamin-xxvii-sanbeskido-2020\/\" \/>\n<meta property=\"og:locale\" content=\"pl_PL\" \/>\n<meta property=\"og:type\" content=\"article\" \/>\n<meta property=\"og:title\" content=\"Regulamin XXVII SANBESKIDO 2020 - 1\" \/>\n<meta property=\"og:description\" content=\"Regulamin XXVII SANBESKIDO 2020 Regulamin akcji dyplomowej San Beskido 2020\" \/>\n<meta property=\"og:url\" content=\"https:\/\/bp14.dkonto.pl\/tgyj\/regulamin-xxvii-sanbeskido-2020\/\" \/>\n<meta property=\"og:site_name\" content=\"1\" \/>\n<meta property=\"article:modified_time\" content=\"2020-10-17T12:11:44+00:00\" \/>\n<meta name=\"twitter:card\" content=\"summary_large_image\" \/>\n<meta name=\"twitter:label1\" content=\"Szacowany czas czytania\" \/>\n\t<meta name=\"twitter:data1\" content=\"2 minuty\" \/>\n<script type=\"application\/ld+json\" class=\"yoast-schema-graph\">{\"@context\":\"https:\/\/schema.org\",\"@graph\":[{\"@type\":\"Organization\",\"@id\":\"http:\/\/bp14.dkonto.pl\/tgyj\/#organization\",\"name\":\"SP9SCI Klub Kr\u00f3tkofalowc\u00f3w \u015al\u0105ska Cieszy\u0144skiego\",\"url\":\"http:\/\/bp14.dkonto.pl\/tgyj\/\",\"sameAs\":[],\"logo\":{\"@type\":\"ImageObject\",\"inLanguage\":\"pl-PL\",\"@id\":\"http:\/\/bp14.dkonto.pl\/tgyj\/#\/schema\/logo\/image\/\",\"url\":\"http:\/\/bp14.dkonto.pl\/wp-content\/uploads\/2019\/11\/logo-sp9sci-i-pulk.jpg\",\"contentUrl\":\"http:\/\/bp14.dkonto.pl\/wp-content\/uploads\/2019\/11\/logo-sp9sci-i-pulk.jpg\",\"width\":912,\"height\":370,\"caption\":\"SP9SCI Klub Kr\u00f3tkofalowc\u00f3w \u015al\u0105ska Cieszy\u0144skiego\"},\"image\":{\"@id\":\"http:\/\/bp14.dkonto.pl\/tgyj\/#\/schema\/logo\/image\/\"}},{\"@type\":\"WebSite\",\"@id\":\"http:\/\/bp14.dkonto.pl\/tgyj\/#website\",\"url\":\"http:\/\/bp14.dkonto.pl\/tgyj\/\",\"name\":\"1\",\"description\":\"1\",\"publisher\":{\"@id\":\"http:\/\/bp14.dkonto.pl\/tgyj\/#organization\"},\"potentialAction\":[{\"@type\":\"SearchAction\",\"target\":{\"@type\":\"EntryPoint\",\"urlTemplate\":\"http:\/\/bp14.dkonto.pl\/tgyj\/?s={search_term_string}\"},\"query-input\":\"required name=search_term_string\"}],\"inLanguage\":\"pl-PL\"},{\"@type\":\"WebPage\",\"@id\":\"https:\/\/bp14.dkonto.pl\/tgyj\/regulamin-xxvii-sanbeskido-2020\/#webpage\",\"url\":\"https:\/\/bp14.dkonto.pl\/tgyj\/regulamin-xxvii-sanbeskido-2020\/\",\"name\":\"Regulamin XXVII SANBESKIDO 2020 - 1\",\"isPartOf\":{\"@id\":\"http:\/\/bp14.dkonto.pl\/tgyj\/#website\"},\"datePublished\":\"2020-09-18T19:05:04+00:00\",\"dateModified\":\"2020-10-17T12:11:44+00:00\",\"description\":\"Regulamin XXVII SANBESKIDO 2020 Regulamin akcji dyplomowej San Beskido 2020\",\"breadcrumb\":{\"@id\":\"https:\/\/bp14.dkonto.pl\/tgyj\/regulamin-xxvii-sanbeskido-2020\/#breadcrumb\"},\"inLanguage\":\"pl-PL\",\"potentialAction\":[{\"@type\":\"ReadAction\",\"target\":[\"https:\/\/bp14.dkonto.pl\/tgyj\/regulamin-xxvii-sanbeskido-2020\/\"]}]},{\"@type\":\"BreadcrumbList\",\"@id\":\"https:\/\/bp14.dkonto.pl\/tgyj\/regulamin-xxvii-sanbeskido-2020\/#breadcrumb\",\"itemListElement\":[{\"@type\":\"ListItem\",\"position\":1,\"name\":\"Strona g\u0142\u00f3wna\",\"item\":\"http:\/\/bp14.dkonto.pl\/tgyj\/\"},{\"@type\":\"ListItem\",\"position\":2,\"name\":\"Regulamin XXVII SANBESKIDO 2020\"}]}]}<\/script>\n<!-- \/ Yoast SEO plugin. -->","yoast_head_json":{"title":"Regulamin XXVII SANBESKIDO 2020 - 1","description":"Regulamin XXVII SANBESKIDO 2020 Regulamin akcji dyplomowej San Beskido 2020","robots":{"index":"index","follow":"follow","max-snippet":"max-snippet:-1","max-image-preview":"max-image-preview:large","max-video-preview":"max-video-preview:-1"},"canonical":"https:\/\/bp14.dkonto.pl\/tgyj\/regulamin-xxvii-sanbeskido-2020\/","og_locale":"pl_PL","og_type":"article","og_title":"Regulamin XXVII SANBESKIDO 2020 - 1","og_description":"Regulamin XXVII SANBESKIDO 2020 Regulamin akcji dyplomowej San Beskido 2020","og_url":"https:\/\/bp14.dkonto.pl\/tgyj\/regulamin-xxvii-sanbeskido-2020\/","og_site_name":"1","article_modified_time":"2020-10-17T12:11:44+00:00","twitter_card":"summary_large_image","twitter_misc":{"Szacowany czas czytania":"2 minuty"},"schema":{"@context":"https:\/\/schema.org","@graph":[{"@type":"Organization","@id":"http:\/\/bp14.dkonto.pl\/tgyj\/#organization","name":"SP9SCI Klub Kr\u00f3tkofalowc\u00f3w \u015al\u0105ska Cieszy\u0144skiego","url":"http:\/\/bp14.dkonto.pl\/tgyj\/","sameAs":[],"logo":{"@type":"ImageObject","inLanguage":"pl-PL","@id":"http:\/\/bp14.dkonto.pl\/tgyj\/#\/schema\/logo\/image\/","url":"http:\/\/bp14.dkonto.pl\/wp-content\/uploads\/2019\/11\/logo-sp9sci-i-pulk.jpg","contentUrl":"http:\/\/bp14.dkonto.pl\/wp-content\/uploads\/2019\/11\/logo-sp9sci-i-pulk.jpg","width":912,"height":370,"caption":"SP9SCI Klub Kr\u00f3tkofalowc\u00f3w \u015al\u0105ska Cieszy\u0144skiego"},"image":{"@id":"http:\/\/bp14.dkonto.pl\/tgyj\/#\/schema\/logo\/image\/"}},{"@type":"WebSite","@id":"http:\/\/bp14.dkonto.pl\/tgyj\/#website","url":"http:\/\/bp14.dkonto.pl\/tgyj\/","name":"1","description":"1","publisher":{"@id":"http:\/\/bp14.dkonto.pl\/tgyj\/#organization"},"potentialAction":[{"@type":"SearchAction","target":{"@type":"EntryPoint","urlTemplate":"http:\/\/bp14.dkonto.pl\/tgyj\/?s={search_term_string}"},"query-input":"required name=search_term_string"}],"inLanguage":"pl-PL"},{"@type":"WebPage","@id":"https:\/\/bp14.dkonto.pl\/tgyj\/regulamin-xxvii-sanbeskido-2020\/#webpage","url":"https:\/\/bp14.dkonto.pl\/tgyj\/regulamin-xxvii-sanbeskido-2020\/","name":"Regulamin XXVII SANBESKIDO 2020 - 1","isPartOf":{"@id":"http:\/\/bp14.dkonto.pl\/tgyj\/#website"},"datePublished":"2020-09-18T19:05:04+00:00","dateModified":"2020-10-17T12:11:44+00:00","description":"Regulamin XXVII SANBESKIDO 2020 Regulamin akcji dyplomowej San Beskido 2020","breadcrumb":{"@id":"https:\/\/bp14.dkonto.pl\/tgyj\/regulamin-xxvii-sanbeskido-2020\/#breadcrumb"},"inLanguage":"pl-PL","potentialAction":[{"@type":"ReadAction","target":["https:\/\/bp14.dkonto.pl\/tgyj\/regulamin-xxvii-sanbeskido-2020\/"]}]},{"@type":"BreadcrumbList","@id":"https:\/\/bp14.dkonto.pl\/tgyj\/regulamin-xxvii-sanbeskido-2020\/#breadcrumb","itemListElement":[{"@type":"ListItem","position":1,"name":"Strona g\u0142\u00f3wna","item":"http:\/\/bp14.dkonto.pl\/tgyj\/"},{"@type":"ListItem","position":2,"name":"Regulamin XXVII SANBESKIDO 2020"}]}]}},"_links":{"self":[{"href":"http:\/\/bp14.dkonto.pl\/tgyj\/wp-json\/wp\/v2\/pages\/1138"}],"collection":[{"href":"http:\/\/bp14.dkonto.pl\/tgyj\/wp-json\/wp\/v2\/pages"}],"about":[{"href":"http:\/\/bp14.dkonto.pl\/tgyj\/wp-json\/wp\/v2\/types\/page"}],"author":[{"embeddable":true,"href":"http:\/\/bp14.dkonto.pl\/tgyj\/wp-json\/wp\/v2\/users\/1"}],"replies":[{"embeddable":true,"href":"http:\/\/bp14.dkonto.pl\/tgyj\/wp-json\/wp\/v2\/comments?post=1138"}],"version-history":[{"count":13,"href":"http:\/\/bp14.dkonto.pl\/tgyj\/wp-json\/wp\/v2\/pages\/1138\/revisions"}],"predecessor-version":[{"id":1346,"href":"http:\/\/bp14.dkonto.pl\/tgyj\/wp-json\/wp\/v2\/pages\/1138\/revisions\/1346"}],"wp:attachment":[{"href":"http:\/\/bp14.dkonto.pl\/tgyj\/wp-json\/wp\/v2\/media?parent=1138"}],"curies":[{"name":"wp","href":"https:\/\/api.w.org\/{rel}","templated":true}]}}